{"id":8,"date":"2024-11-29T17:35:09","date_gmt":"2024-11-29T17:35:09","guid":{"rendered":"https:\/\/proyectochilaquil.misitiolab.com\/?page_id=8"},"modified":"2025-02-19T19:48:25","modified_gmt":"2025-02-19T19:48:25","slug":"inicio","status":"publish","type":"page","link":"https:\/\/proyectochilaquil.misitiolab.com\/","title":{"rendered":"PROYECTO CHILAQUIL"},"content":{"rendered":"\t\t<div data-elementor-type=\"wp-page\" data-elementor-id=\"8\" class=\"elementor elementor-8\">\n\t\t\t\t<div class=\"elementor-element elementor-element-2bc3156f e-con-full e-flex e-con e-parent\" data-id=\"2bc3156f\" data-element_type=\"container\">\n\t\t\t\t<div class=\"elementor-element elementor-element-18964e5d elementor-widget__width-inherit elementor-widget elementor-widget-video\" data-id=\"18964e5d\" data-element_type=\"widget\" data-settings=\"{&quot;video_type&quot;:&quot;hosted&quot;,&quot;autoplay&quot;:&quot;yes&quot;,&quot;mute&quot;:&quot;yes&quot;,&quot;loop&quot;:&quot;yes&quot;,&quot;play_on_mobile&quot;:&quot;yes&quot;}\" data-widget_type=\"video.default\">\n\t\t\t\t<div class=\"elementor-widget-container\">\n\t\t\t\t\t<div class=\"e-hosted-video elementor-wrapper elementor-open-inline\">\n\t\t\t\t\t<video class=\"elementor-video\" src=\"https:\/\/proyectochilaquil.misitiolab.com\/wp-content\/uploads\/2024\/12\/VIDEO-PCH-WEB.mp4\" autoplay=\"\" loop=\"\" muted=\"muted\" playsinline=\"\" controlsList=\"nodownload\"><\/video>\n\t\t\t\t<\/div>\n\t\t\t\t<\/div>\n\t\t\t\t<\/div>\n\t\t<div class=\"elementor-element elementor-element-b2b499c e-con-full e-flex e-con e-child\" data-id=\"b2b499c\" data-element_type=\"container\">\n\t\t\t\t<div class=\"elementor-element elementor-element-1bb3f012 elementor-widget__width-inherit elementor-widget elementor-widget-image\" data-id=\"1bb3f012\" data-element_type=\"widget\" data-widget_type=\"image.default\">\n\t\t\t\t<div class=\"elementor-widget-container\">\n\t\t\t\t\t\t\t\t\t\t\t\t\t<img fetchpriority=\"high\" decoding=\"async\" width=\"534\" height=\"2048\" src=\"https:\/\/proyectochilaquil.misitiolab.com\/wp-content\/uploads\/2025\/02\/MENU-PCH-PAGWEB_19-02-25-1.png\" class=\"attachment-2048x2048 size-2048x2048 wp-image-173\" alt=\"\" \/>\t\t\t\t\t\t\t\t\t\t\t\t\t<\/div>\n\t\t\t\t<\/div>\n\t\t\t\t<\/div>\n\t\t\t\t<\/div>\n\t\t\t\t<section class=\"elementor-section elementor-top-section elementor-element elementor-element-15de0d4b elementor-section-full_width elementor-section-height-default elementor-section-height-default\" data-id=\"15de0d4b\" data-element_type=\"section\" data-settings=\"{&quot;background_background&quot;:&quot;classic&quot;}\">\n\t\t\t\t\t\t<div class=\"elementor-container elementor-column-gap-no\">\n\t\t\t\t\t<div class=\"elementor-column elementor-col-100 elementor-top-column elementor-element elementor-element-a194dac\" data-id=\"a194dac\" data-element_type=\"column\" data-settings=\"{&quot;background_background&quot;:&quot;classic&quot;}\">\n\t\t\t<div class=\"elementor-widget-wrap elementor-element-populated\">\n\t\t\t\t\t\t<div class=\"elementor-element elementor-element-7c493c0a elementor-widget elementor-widget-google_maps\" data-id=\"7c493c0a\" data-element_type=\"widget\" data-widget_type=\"google_maps.default\">\n\t\t\t\t<div class=\"elementor-widget-container\">\n\t\t\t\t\t<div class=\"elementor-custom-embed\">\n\t\t\t<iframe loading=\"lazy\"\n\t\t\t\t\tsrc=\"https:\/\/maps.google.com\/maps?q=Avenida%20Colonia%20del%20Valle%20531%2C%20Col%20del%20Valle%20Centro%2C%20Benito%20Ju%C3%A1rez%2C%2003100%20Ciudad%20de%20M%C3%A9xico%2C%20CDMX&#038;t=m&#038;z=12&#038;output=embed&#038;iwloc=near\"\n\t\t\t\t\ttitle=\"Avenida Colonia del Valle 531, Col del Valle Centro, Benito Ju\u00e1rez, 03100 Ciudad de M\u00e9xico, CDMX\"\n\t\t\t\t\taria-label=\"Avenida Colonia del Valle 531, Col del Valle Centro, Benito Ju\u00e1rez, 03100 Ciudad de M\u00e9xico, CDMX\"\n\t\t\t><\/iframe>\n\t\t<\/div>\n\t\t\t\t<\/div>\n\t\t\t\t<\/div>\n\t\t\t\t\t<\/div>\n\t\t<\/div>\n\t\t\t\t\t<\/div>\n\t\t<\/section>\n\t\t\t\t<section class=\"elementor-section elementor-top-section elementor-element elementor-element-16d8f8fb elementor-section-boxed elementor-section-height-default elementor-section-height-default\" data-id=\"16d8f8fb\" data-element_type=\"section\">\n\t\t\t\t\t\t<div class=\"elementor-container elementor-column-gap-extended\">\n\t\t\t\t\t<div class=\"elementor-column elementor-col-50 elementor-top-column elementor-element elementor-element-3e7b5bcd\" data-id=\"3e7b5bcd\" data-element_type=\"column\">\n\t\t\t<div class=\"elementor-widget-wrap elementor-element-populated\">\n\t\t\t\t\t\t<section class=\"elementor-section elementor-inner-section elementor-element elementor-element-523059fc elementor-section-content-middle elementor-section-boxed elementor-section-height-default elementor-section-height-default\" data-id=\"523059fc\" data-element_type=\"section\">\n\t\t\t\t\t\t<div class=\"elementor-container elementor-column-gap-default\">\n\t\t\t\t\t<div class=\"elementor-column elementor-col-50 elementor-inner-column elementor-element elementor-element-5b731eba\" data-id=\"5b731eba\" data-element_type=\"column\" data-settings=\"{&quot;background_background&quot;:&quot;classic&quot;}\">\n\t\t\t<div class=\"elementor-widget-wrap elementor-element-populated\">\n\t\t\t\t\t\t<div class=\"elementor-element elementor-element-1f9079f7 elementor-view-default elementor-widget elementor-widget-icon\" data-id=\"1f9079f7\" data-element_type=\"widget\" data-widget_type=\"icon.default\">\n\t\t\t\t<div class=\"elementor-widget-container\">\n\t\t\t\t\t<div class=\"elementor-icon-wrapper\">\n\t\t\t<div class=\"elementor-icon\">\n\t\t\t<svg aria-hidden=\"true\" class=\"e-font-icon-svg e-fas-map-marker-alt\" viewBox=\"0 0 384 512\" xmlns=\"http:\/\/www.w3.org\/2000\/svg\"><path d=\"M172.268 501.67C26.97 291.031 0 269.413 0 192 0 85.961 85.961 0 192 0s192 85.961 192 192c0 77.413-26.97 99.031-172.268 309.67-9.535 13.774-29.93 13.773-39.464 0zM192 272c44.183 0 80-35.817 80-80s-35.817-80-80-80-80 35.817-80 80 35.817 80 80 80z\"><\/path><\/svg>\t\t\t<\/div>\n\t\t<\/div>\n\t\t\t\t<\/div>\n\t\t\t\t<\/div>\n\t\t\t\t\t<\/div>\n\t\t<\/div>\n\t\t\t\t<div class=\"elementor-column elementor-col-50 elementor-inner-column elementor-element elementor-element-ad63fd4\" data-id=\"ad63fd4\" data-element_type=\"column\" data-settings=\"{&quot;background_background&quot;:&quot;classic&quot;}\">\n\t\t\t<div class=\"elementor-widget-wrap elementor-element-populated\">\n\t\t\t\t\t\t<div class=\"elementor-element elementor-element-33a12c52 elementor-widget elementor-widget-heading\" data-id=\"33a12c52\" data-element_type=\"widget\" data-widget_type=\"heading.default\">\n\t\t\t\t<div class=\"elementor-widget-container\">\n\t\t\t<h4 class=\"elementor-heading-title elementor-size-default\">\u00a1Nos vemos por ac\u00e1!<\/h4>\t\t<\/div>\n\t\t\t\t<\/div>\n\t\t\t\t<div class=\"elementor-element elementor-element-2a62c7ac elementor-widget elementor-widget-text-editor\" data-id=\"2a62c7ac\" data-element_type=\"widget\" data-widget_type=\"text-editor.default\">\n\t\t\t\t<div class=\"elementor-widget-container\">\n\t\t\t\t\t\t\t<p>Avenida Colonia del Valle 531, Col del Valle Centro, Benito Ju\u00e1rez, 03100 Ciudad de M\u00e9xico, CDMX<\/p>\t\t\t\t\t\t<\/div>\n\t\t\t\t<\/div>\n\t\t\t\t<div class=\"elementor-element elementor-element-670079af elementor-widget-divider--view-line elementor-widget elementor-widget-divider\" data-id=\"670079af\" data-element_type=\"widget\" data-widget_type=\"divider.default\">\n\t\t\t\t<div class=\"elementor-widget-container\">\n\t\t\t\t\t<div class=\"elementor-divider\">\n\t\t\t<span class=\"elementor-divider-separator\">\n\t\t\t\t\t\t<\/span>\n\t\t<\/div>\n\t\t\t\t<\/div>\n\t\t\t\t<\/div>\n\t\t\t\t<div class=\"elementor-element elementor-element-1dbeb81b elementor-widget elementor-widget-heading\" data-id=\"1dbeb81b\" data-element_type=\"widget\" data-widget_type=\"heading.default\">\n\t\t\t\t<div class=\"elementor-widget-container\">\n\t\t\t<div class=\"elementor-heading-title elementor-size-default\"><a href=\"https:\/\/maps.app.goo.gl\/3m6TvjsAYCLe4N8a9?g_st=iw\">Ir a la ubicaci\u00f3n&gt;<\/a><\/div>\t\t<\/div>\n\t\t\t\t<\/div>\n\t\t\t\t\t<\/div>\n\t\t<\/div>\n\t\t\t\t\t<\/div>\n\t\t<\/section>\n\t\t\t\t\t<\/div>\n\t\t<\/div>\n\t\t\t\t<div class=\"elementor-column elementor-col-50 elementor-top-column elementor-element elementor-element-2db0e44f\" data-id=\"2db0e44f\" data-element_type=\"column\">\n\t\t\t<div class=\"elementor-widget-wrap\">\n\t\t\t\t\t\t\t<\/div>\n\t\t<\/div>\n\t\t\t\t\t<\/div>\n\t\t<\/section>\n\t\t<div class=\"elementor-element elementor-element-12bc04c4 e-flex e-con-boxed e-con e-parent\" data-id=\"12bc04c4\" data-element_type=\"container\" data-settings=\"{&quot;background_background&quot;:&quot;classic&quot;}\">\n\t\t\t\t\t<div class=\"e-con-inner\">\n\t\t<div class=\"elementor-element elementor-element-6b14fd50 e-grid e-con-boxed e-con e-child\" data-id=\"6b14fd50\" data-element_type=\"container\">\n\t\t\t\t\t<div class=\"e-con-inner\">\n\t\t\t\t<div class=\"elementor-element elementor-element-5614290e elementor-shape-rounded elementor-grid-0 e-grid-align-center elementor-widget elementor-widget-social-icons\" data-id=\"5614290e\" data-element_type=\"widget\" data-widget_type=\"social-icons.default\">\n\t\t\t\t<div class=\"elementor-widget-container\">\n\t\t\t\t\t<div class=\"elementor-social-icons-wrapper elementor-grid\">\n\t\t\t\t\t\t\t<span class=\"elementor-grid-item\">\n\t\t\t\t\t<a class=\"elementor-icon elementor-social-icon elementor-social-icon-instagram elementor-repeater-item-431cdac\" href=\"https:\/\/www.instagram.com\/proyectochilaquilmx?igsh=dTRzbzZseWEzNjU=\" target=\"_blank\">\n\t\t\t\t\t\t<span class=\"elementor-screen-only\">Instagram<\/span>\n\t\t\t\t\t\t<svg class=\"e-font-icon-svg e-fab-instagram\" viewBox=\"0 0 448 512\" xmlns=\"http:\/\/www.w3.org\/2000\/svg\"><path d=\"M224.1 141c-63.6 0-114.9 51.3-114.9 114.9s51.3 114.9 114.9 114.9S339 319.5 339 255.9 287.7 141 224.1 141zm0 189.6c-41.1 0-74.7-33.5-74.7-74.7s33.5-74.7 74.7-74.7 74.7 33.5 74.7 74.7-33.6 74.7-74.7 74.7zm146.4-194.3c0 14.9-12 26.8-26.8 26.8-14.9 0-26.8-12-26.8-26.8s12-26.8 26.8-26.8 26.8 12 26.8 26.8zm76.1 27.2c-1.7-35.9-9.9-67.7-36.2-93.9-26.2-26.2-58-34.4-93.9-36.2-37-2.1-147.9-2.1-184.9 0-35.8 1.7-67.6 9.9-93.9 36.1s-34.4 58-36.2 93.9c-2.1 37-2.1 147.9 0 184.9 1.7 35.9 9.9 67.7 36.2 93.9s58 34.4 93.9 36.2c37 2.1 147.9 2.1 184.9 0 35.9-1.7 67.7-9.9 93.9-36.2 26.2-26.2 34.4-58 36.2-93.9 2.1-37 2.1-147.8 0-184.8zM398.8 388c-7.8 19.6-22.9 34.7-42.6 42.6-29.5 11.7-99.5 9-132.1 9s-102.7 2.6-132.1-9c-19.6-7.8-34.7-22.9-42.6-42.6-11.7-29.5-9-99.5-9-132.1s-2.6-102.7 9-132.1c7.8-19.6 22.9-34.7 42.6-42.6 29.5-11.7 99.5-9 132.1-9s102.7-2.6 132.1 9c19.6 7.8 34.7 22.9 42.6 42.6 11.7 29.5 9 99.5 9 132.1s2.7 102.7-9 132.1z\"><\/path><\/svg>\t\t\t\t\t<\/a>\n\t\t\t\t<\/span>\n\t\t\t\t\t<\/div>\n\t\t\t\t<\/div>\n\t\t\t\t<\/div>\n\t\t\t\t<div class=\"elementor-element elementor-element-4a33c59 elementor-widget elementor-widget-text-editor\" data-id=\"4a33c59\" data-element_type=\"widget\" data-widget_type=\"text-editor.default\">\n\t\t\t\t<div class=\"elementor-widget-container\">\n\t\t\t\t\t\t\t<p>HORARIO:<\/p><p>Martes y Mi\u00e9rcoles: 8:00am &#8211; 4:00pm<\/p><p>Jueves a Domingo: 8:00am &#8211; 5:00pm<\/p><p>\u00a0<\/p>\t\t\t\t\t\t<\/div>\n\t\t\t\t<\/div>\n\t\t\t\t\t<\/div>\n\t\t\t\t<\/div>\n\t\t\t\t\t<\/div>\n\t\t\t\t<\/div>\n\t\t\t\t<\/div>\n\t\t","protected":false},"excerpt":{"rendered":"<p>https:\/\/proyectochilaquil.misitiolab.com\/wp-content\/uploads\/2024\/12\/VIDEO-PCH-WEB.mp4 \u00a1Nos vemos por ac\u00e1! Avenida Colonia del Valle 531, Col del Valle Centro, Benito Ju\u00e1rez, 03100 Ciudad de M\u00e9xico, [&hellip;]<\/p>\n","protected":false},"author":1,"featured_media":142,"parent":0,"menu_order":0,"comment_status":"closed","ping_status":"closed","template":"elementor_canvas","meta":{"site-sidebar-layout":"no-sidebar","site-content-layout":"plain-container","ast-site-content-layout":"full-width-container","site-content-style":"default","site-sidebar-style":"default","ast-global-header-display":"","ast-banner-title-visibility":"","ast-main-header-display":"","ast-hfb-above-header-display":"","ast-hfb-below-header-display":"","ast-hfb-mobile-header-display":"","site-post-title":"disabled","ast-breadcrumbs-content":"","ast-featured-img":"disabled","footer-sml-layout":"","theme-transparent-header-meta":"enabled","adv-header-id-meta":"","stick-header-meta":"","header-above-stick-meta":"","header-main-stick-meta":"","header-below-stick-meta":"","astra-migrate-meta-layouts":"default","ast-page-background-enabled":"default","ast-page-background-meta":{"desktop":{"background-color":"var(--ast-global-color-4)","background-image":"","background-repeat":"repeat","background-position":"center center","background-size":"auto","background-attachment":"scroll","background-type":"","background-media":"","overlay-type":"","overlay-color":"","overlay-opacity":"","overlay-gradient":""},"tablet":{"background-color":"","background-image":"","background-repeat":"repeat","background-position":"center center","background-size":"auto","background-attachment":"scroll","background-type":"","background-media":"","overlay-type":"","overlay-color":"","overlay-opacity":"","overlay-gradient":""},"mobile":{"background-color":"","background-image":"","background-repeat":"repeat","background-position":"center center","background-size":"auto","background-attachment":"scroll","background-type":"","background-media":"","overlay-type":"","overlay-color":"","overlay-opacity":"","overlay-gradient":""}},"ast-content-background-meta":{"desktop":{"background-color":"var(--ast-global-color-5)","background-image":"","background-repeat":"repeat","background-position":"center center","background-size":"auto","background-attachment":"scroll","background-type":"","background-media":"","overlay-type":"","overlay-color":"","overlay-opacity":"","overlay-gradient":""},"tablet":{"background-color":"var(--ast-global-color-5)","background-image":"","background-repeat":"repeat","background-position":"center center","background-size":"auto","background-attachment":"scroll","background-type":"","background-media":"","overlay-type":"","overlay-color":"","overlay-opacity":"","overlay-gradient":""},"mobile":{"background-color":"var(--ast-global-color-5)","background-image":"","background-repeat":"repeat","background-position":"center center","background-size":"auto","background-attachment":"scroll","background-type":"","background-media":"","overlay-type":"","overlay-color":"","overlay-opacity":"","overlay-gradient":""}},"footnotes":""},"class_list":["post-8","page","type-page","status-publish","has-post-thumbnail","hentry"],"yoast_head":"<!-- This site is optimized with the Yoast SEO plugin v23.9 - https:\/\/yoast.com\/wordpress\/plugins\/seo\/ -->\n<title>PROYECTO CHILAQUIL - proyectochilaquil<\/title>\n<meta name=\"robots\" content=\"index, follow, max-snippet:-1, max-image-preview:large, max-video-preview:-1\" \/>\n<link rel=\"canonical\" href=\"https:\/\/proyectochilaquil.misitiolab.com\/\" \/>\n<meta property=\"og:locale\" content=\"es_MX\" \/>\n<meta property=\"og:type\" content=\"article\" \/>\n<meta property=\"og:title\" content=\"PROYECTO CHILAQUIL - proyectochilaquil\" \/>\n<meta property=\"og:description\" content=\"https:\/\/proyectochilaquil.misitiolab.com\/wp-content\/uploads\/2024\/12\/VIDEO-PCH-WEB.mp4 \u00a1Nos vemos por ac\u00e1! Avenida Colonia del Valle 531, Col del Valle Centro, Benito Ju\u00e1rez, 03100 Ciudad de M\u00e9xico, [&hellip;]\" \/>\n<meta property=\"og:url\" content=\"https:\/\/proyectochilaquil.misitiolab.com\/\" \/>\n<meta property=\"og:site_name\" content=\"proyectochilaquil\" \/>\n<meta property=\"article:modified_time\" content=\"2025-02-19T19:48:25+00:00\" \/>\n<meta property=\"og:image\" content=\"https:\/\/proyectochilaquil.misitiolab.com\/wp-content\/uploads\/2024\/12\/qr-pizza-magnati-2024-12-10T113552.556.png\" \/>\n\t<meta property=\"og:image:width\" content=\"500\" \/>\n\t<meta property=\"og:image:height\" content=\"500\" \/>\n\t<meta property=\"og:image:type\" content=\"image\/png\" \/>\n<meta name=\"twitter:card\" content=\"summary_large_image\" \/>\n<meta name=\"twitter:label1\" content=\"Tiempo de lectura\" \/>\n\t<meta name=\"twitter:data1\" content=\"1 minuto\" \/>\n<script type=\"application\/ld+json\" class=\"yoast-schema-graph\">{\"@context\":\"https:\/\/schema.org\",\"@graph\":[{\"@type\":\"WebPage\",\"@id\":\"https:\/\/proyectochilaquil.misitiolab.com\/\",\"url\":\"https:\/\/proyectochilaquil.misitiolab.com\/\",\"name\":\"PROYECTO CHILAQUIL - proyectochilaquil\",\"isPartOf\":{\"@id\":\"https:\/\/proyectochilaquil.misitiolab.com\/#website\"},\"primaryImageOfPage\":{\"@id\":\"https:\/\/proyectochilaquil.misitiolab.com\/#primaryimage\"},\"image\":{\"@id\":\"https:\/\/proyectochilaquil.misitiolab.com\/#primaryimage\"},\"thumbnailUrl\":\"https:\/\/proyectochilaquil.misitiolab.com\/wp-content\/uploads\/2024\/12\/qr-pizza-magnati-2024-12-10T113552.556.png\",\"datePublished\":\"2024-11-29T17:35:09+00:00\",\"dateModified\":\"2025-02-19T19:48:25+00:00\",\"breadcrumb\":{\"@id\":\"https:\/\/proyectochilaquil.misitiolab.com\/#breadcrumb\"},\"inLanguage\":\"es\",\"potentialAction\":[{\"@type\":\"ReadAction\",\"target\":[\"https:\/\/proyectochilaquil.misitiolab.com\/\"]}]},{\"@type\":\"ImageObject\",\"inLanguage\":\"es\",\"@id\":\"https:\/\/proyectochilaquil.misitiolab.com\/#primaryimage\",\"url\":\"https:\/\/proyectochilaquil.misitiolab.com\/wp-content\/uploads\/2024\/12\/qr-pizza-magnati-2024-12-10T113552.556.png\",\"contentUrl\":\"https:\/\/proyectochilaquil.misitiolab.com\/wp-content\/uploads\/2024\/12\/qr-pizza-magnati-2024-12-10T113552.556.png\",\"width\":500,\"height\":500},{\"@type\":\"BreadcrumbList\",\"@id\":\"https:\/\/proyectochilaquil.misitiolab.com\/#breadcrumb\",\"itemListElement\":[{\"@type\":\"ListItem\",\"position\":1,\"name\":\"Inicio\",\"item\":\"https:\/\/proyectochilaquil.misitiolab.com\/\"},{\"@type\":\"ListItem\",\"position\":2,\"name\":\"PROYECTO CHILAQUIL\"}]},{\"@type\":\"WebSite\",\"@id\":\"https:\/\/proyectochilaquil.misitiolab.com\/#website\",\"url\":\"https:\/\/proyectochilaquil.misitiolab.com\/\",\"name\":\"proyectochilaquil\",\"description\":\"\",\"publisher\":{\"@id\":\"https:\/\/proyectochilaquil.misitiolab.com\/#organization\"},\"potentialAction\":[{\"@type\":\"SearchAction\",\"target\":{\"@type\":\"EntryPoint\",\"urlTemplate\":\"https:\/\/proyectochilaquil.misitiolab.com\/?s={search_term_string}\"},\"query-input\":{\"@type\":\"PropertyValueSpecification\",\"valueRequired\":true,\"valueName\":\"search_term_string\"}}],\"inLanguage\":\"es\"},{\"@type\":\"Organization\",\"@id\":\"https:\/\/proyectochilaquil.misitiolab.com\/#organization\",\"name\":\"proyectochilaquil\",\"url\":\"https:\/\/proyectochilaquil.misitiolab.com\/\",\"logo\":{\"@type\":\"ImageObject\",\"inLanguage\":\"es\",\"@id\":\"https:\/\/proyectochilaquil.misitiolab.com\/#\/schema\/logo\/image\/\",\"url\":\"https:\/\/proyectochilaquil.misitiolab.com\/wp-content\/uploads\/2024\/11\/logo.png\",\"contentUrl\":\"https:\/\/proyectochilaquil.misitiolab.com\/wp-content\/uploads\/2024\/11\/logo.png\",\"width\":156,\"height\":40,\"caption\":\"proyectochilaquil\"},\"image\":{\"@id\":\"https:\/\/proyectochilaquil.misitiolab.com\/#\/schema\/logo\/image\/\"}}]}<\/script>\n<!-- \/ Yoast SEO plugin. -->","yoast_head_json":{"title":"PROYECTO CHILAQUIL - proyectochilaquil","robots":{"index":"index","follow":"follow","max-snippet":"max-snippet:-1","max-image-preview":"max-image-preview:large","max-video-preview":"max-video-preview:-1"},"canonical":"https:\/\/proyectochilaquil.misitiolab.com\/","og_locale":"es_MX","og_type":"article","og_title":"PROYECTO CHILAQUIL - proyectochilaquil","og_description":"https:\/\/proyectochilaquil.misitiolab.com\/wp-content\/uploads\/2024\/12\/VIDEO-PCH-WEB.mp4 \u00a1Nos vemos por ac\u00e1! Avenida Colonia del Valle 531, Col del Valle Centro, Benito Ju\u00e1rez, 03100 Ciudad de M\u00e9xico, [&hellip;]","og_url":"https:\/\/proyectochilaquil.misitiolab.com\/","og_site_name":"proyectochilaquil","article_modified_time":"2025-02-19T19:48:25+00:00","og_image":[{"width":500,"height":500,"url":"https:\/\/proyectochilaquil.misitiolab.com\/wp-content\/uploads\/2024\/12\/qr-pizza-magnati-2024-12-10T113552.556.png","type":"image\/png"}],"twitter_card":"summary_large_image","twitter_misc":{"Tiempo de lectura":"1 minuto"},"schema":{"@context":"https:\/\/schema.org","@graph":[{"@type":"WebPage","@id":"https:\/\/proyectochilaquil.misitiolab.com\/","url":"https:\/\/proyectochilaquil.misitiolab.com\/","name":"PROYECTO CHILAQUIL - proyectochilaquil","isPartOf":{"@id":"https:\/\/proyectochilaquil.misitiolab.com\/#website"},"primaryImageOfPage":{"@id":"https:\/\/proyectochilaquil.misitiolab.com\/#primaryimage"},"image":{"@id":"https:\/\/proyectochilaquil.misitiolab.com\/#primaryimage"},"thumbnailUrl":"https:\/\/proyectochilaquil.misitiolab.com\/wp-content\/uploads\/2024\/12\/qr-pizza-magnati-2024-12-10T113552.556.png","datePublished":"2024-11-29T17:35:09+00:00","dateModified":"2025-02-19T19:48:25+00:00","breadcrumb":{"@id":"https:\/\/proyectochilaquil.misitiolab.com\/#breadcrumb"},"inLanguage":"es","potentialAction":[{"@type":"ReadAction","target":["https:\/\/proyectochilaquil.misitiolab.com\/"]}]},{"@type":"ImageObject","inLanguage":"es","@id":"https:\/\/proyectochilaquil.misitiolab.com\/#primaryimage","url":"https:\/\/proyectochilaquil.misitiolab.com\/wp-content\/uploads\/2024\/12\/qr-pizza-magnati-2024-12-10T113552.556.png","contentUrl":"https:\/\/proyectochilaquil.misitiolab.com\/wp-content\/uploads\/2024\/12\/qr-pizza-magnati-2024-12-10T113552.556.png","width":500,"height":500},{"@type":"BreadcrumbList","@id":"https:\/\/proyectochilaquil.misitiolab.com\/#breadcrumb","itemListElement":[{"@type":"ListItem","position":1,"name":"Inicio","item":"https:\/\/proyectochilaquil.misitiolab.com\/"},{"@type":"ListItem","position":2,"name":"PROYECTO CHILAQUIL"}]},{"@type":"WebSite","@id":"https:\/\/proyectochilaquil.misitiolab.com\/#website","url":"https:\/\/proyectochilaquil.misitiolab.com\/","name":"proyectochilaquil","description":"","publisher":{"@id":"https:\/\/proyectochilaquil.misitiolab.com\/#organization"},"potentialAction":[{"@type":"SearchAction","target":{"@type":"EntryPoint","urlTemplate":"https:\/\/proyectochilaquil.misitiolab.com\/?s={search_term_string}"},"query-input":{"@type":"PropertyValueSpecification","valueRequired":true,"valueName":"search_term_string"}}],"inLanguage":"es"},{"@type":"Organization","@id":"https:\/\/proyectochilaquil.misitiolab.com\/#organization","name":"proyectochilaquil","url":"https:\/\/proyectochilaquil.misitiolab.com\/","logo":{"@type":"ImageObject","inLanguage":"es","@id":"https:\/\/proyectochilaquil.misitiolab.com\/#\/schema\/logo\/image\/","url":"https:\/\/proyectochilaquil.misitiolab.com\/wp-content\/uploads\/2024\/11\/logo.png","contentUrl":"https:\/\/proyectochilaquil.misitiolab.com\/wp-content\/uploads\/2024\/11\/logo.png","width":156,"height":40,"caption":"proyectochilaquil"},"image":{"@id":"https:\/\/proyectochilaquil.misitiolab.com\/#\/schema\/logo\/image\/"}}]}},"_links":{"self":[{"href":"https:\/\/proyectochilaquil.misitiolab.com\/index.php\/wp-json\/wp\/v2\/pages\/8","targetHints":{"allow":["GET"]}}],"collection":[{"href":"https:\/\/proyectochilaquil.misitiolab.com\/index.php\/wp-json\/wp\/v2\/pages"}],"about":[{"href":"https:\/\/proyectochilaquil.misitiolab.com\/index.php\/wp-json\/wp\/v2\/types\/page"}],"author":[{"embeddable":true,"href":"https:\/\/proyectochilaquil.misitiolab.com\/index.php\/wp-json\/wp\/v2\/users\/1"}],"replies":[{"embeddable":true,"href":"https:\/\/proyectochilaquil.misitiolab.com\/index.php\/wp-json\/wp\/v2\/comments?post=8"}],"version-history":[{"count":98,"href":"https:\/\/proyectochilaquil.misitiolab.com\/index.php\/wp-json\/wp\/v2\/pages\/8\/revisions"}],"predecessor-version":[{"id":176,"href":"https:\/\/proyectochilaquil.misitiolab.com\/index.php\/wp-json\/wp\/v2\/pages\/8\/revisions\/176"}],"wp:featuredmedia":[{"embeddable":true,"href":"https:\/\/proyectochilaquil.misitiolab.com\/index.php\/wp-json\/wp\/v2\/media\/142"}],"wp:attachment":[{"href":"https:\/\/proyectochilaquil.misitiolab.com\/index.php\/wp-json\/wp\/v2\/media?parent=8"}],"curies":[{"name":"wp","href":"https:\/\/api.w.org\/{rel}","templated":true}]}}